{"id":11594,"date":"2020-06-29T17:44:49","date_gmt":"2020-06-29T15:44:49","guid":{"rendered":"https:\/\/www.verreriebiot.com\/product\/boule-de-noel\/"},"modified":"2026-02-04T13:34:40","modified_gmt":"2026-02-04T12:34:40","slug":"boule-de-noel","status":"publish","type":"product","link":"https:\/\/www.verreriebiot.com\/en\/product\/boule-de-noel\/","title":{"rendered":"Christmas Ball"},"content":{"rendered":"<p><span data-sheets-value=\"{&quot;1&quot;:2,&quot;2&quot;:&quot;Boule de No\u00ebl de 9 cm disponible en Jaune. Ce produit est fait \u00e0 la main et souffl\u00e9 bouche. &quot;}\" data-sheets-userformat=\"{&quot;2&quot;:10561,&quot;3&quot;:{&quot;1&quot;:0,&quot;3&quot;:1},&quot;9&quot;:0,&quot;11&quot;:4,&quot;14&quot;:{&quot;1&quot;:2,&quot;2&quot;:16711680},&quot;16&quot;:12}\" data-sheets-formula=\"=CONCATENER(R[0]C[-6];&quot; de &quot;;R[0]C[5];&quot; cm&quot;;&quot; disponible en &quot;;R[0]C[3];&quot;. Ce produit est fait \u00e0 la main et souffl\u00e9 bouche. &quot;;)\">Christmas Ball of 9 cm available in Yellow. This product is handmade and mouth blown.<\/span><\/p>\n","protected":false},"excerpt":{"rendered":"<p>Christmas Ball of 9 cm available in Yellow. This product is handmade and mouth blown.<\/p>\n","protected":false},"featured_media":19740,"template":"","meta":[],"product_brand":[],"product_cat":[204,263],"product_tag":[],"class_list":{"0":"post-11594","1":"product","2":"type-product","3":"status-publish","4":"has-post-thumbnail","6":"product_cat-the-luminescence-line","7":"product_cat-yellow","8":"formes-other-items","10":"first","11":"instock","12":"taxable","13":"shipping-taxable","14":"purchasable","15":"product-type-variable"},"yoast_head":"<!-- This site is optimized with the Yoast SEO plugin v27.4 - https:\/\/yoast.com\/product\/yoast-seo-wordpress\/ -->\n<title>Christmas Ball - La Verrerie de Biot<\/title>\n<meta name=\"robots\" content=\"index, follow, max-snippet:-1, max-image-preview:large, max-video-preview:-1\" \/>\n<link rel=\"canonical\" href=\"https:\/\/www.verreriebiot.com\/en\/product\/boule-de-noel\/\" \/>\n<meta property=\"og:locale\" content=\"en_US\" \/>\n<meta property=\"og:type\" content=\"article\" \/>\n<meta property=\"og:title\" content=\"Christmas Ball - La Verrerie de Biot\" \/>\n<meta property=\"og:description\" content=\"Christmas Ball of 9 cm available in Yellow. This product is handmade and mouth blown.\" \/>\n<meta property=\"og:url\" content=\"https:\/\/www.verreriebiot.com\/en\/product\/boule-de-noel\/\" \/>\n<meta property=\"og:site_name\" content=\"La Verrerie de Biot\" \/>\n<meta property=\"article:modified_time\" content=\"2026-02-04T12:34:40+00:00\" \/>\n<meta property=\"og:image\" content=\"https:\/\/www.verreriebiot.com\/wp-content\/uploads\/2020\/06\/IMG_2045-1.jpg\" \/>\n\t<meta property=\"og:image:width\" content=\"400\" \/>\n\t<meta property=\"og:image:height\" content=\"491\" \/>\n\t<meta property=\"og:image:type\" content=\"image\/jpeg\" \/>\n<meta name=\"twitter:card\" content=\"summary_large_image\" \/>\n<script type=\"application\/ld+json\" class=\"yoast-schema-graph\">{\"@context\":\"https:\\\/\\\/schema.org\",\"@graph\":[{\"@type\":\"WebPage\",\"@id\":\"https:\\\/\\\/www.verreriebiot.com\\\/en\\\/product\\\/boule-de-noel\\\/\",\"url\":\"https:\\\/\\\/www.verreriebiot.com\\\/en\\\/product\\\/boule-de-noel\\\/\",\"name\":\"Christmas Ball - La Verrerie de Biot\",\"isPartOf\":{\"@id\":\"https:\\\/\\\/www.verreriebiot.com\\\/#website\"},\"primaryImageOfPage\":{\"@id\":\"https:\\\/\\\/www.verreriebiot.com\\\/en\\\/product\\\/boule-de-noel\\\/#primaryimage\"},\"image\":{\"@id\":\"https:\\\/\\\/www.verreriebiot.com\\\/en\\\/product\\\/boule-de-noel\\\/#primaryimage\"},\"thumbnailUrl\":\"https:\\\/\\\/www.verreriebiot.com\\\/wp-content\\\/uploads\\\/2020\\\/06\\\/IMG_2045-1.jpg\",\"datePublished\":\"2020-06-29T15:44:49+00:00\",\"dateModified\":\"2026-02-04T12:34:40+00:00\",\"breadcrumb\":{\"@id\":\"https:\\\/\\\/www.verreriebiot.com\\\/en\\\/product\\\/boule-de-noel\\\/#breadcrumb\"},\"inLanguage\":\"en-US\",\"potentialAction\":[{\"@type\":\"ReadAction\",\"target\":[\"https:\\\/\\\/www.verreriebiot.com\\\/en\\\/product\\\/boule-de-noel\\\/\"]}]},{\"@type\":\"ImageObject\",\"inLanguage\":\"en-US\",\"@id\":\"https:\\\/\\\/www.verreriebiot.com\\\/en\\\/product\\\/boule-de-noel\\\/#primaryimage\",\"url\":\"https:\\\/\\\/www.verreriebiot.com\\\/wp-content\\\/uploads\\\/2020\\\/06\\\/IMG_2045-1.jpg\",\"contentUrl\":\"https:\\\/\\\/www.verreriebiot.com\\\/wp-content\\\/uploads\\\/2020\\\/06\\\/IMG_2045-1.jpg\",\"width\":400,\"height\":491},{\"@type\":\"BreadcrumbList\",\"@id\":\"https:\\\/\\\/www.verreriebiot.com\\\/en\\\/product\\\/boule-de-noel\\\/#breadcrumb\",\"itemListElement\":[{\"@type\":\"ListItem\",\"position\":1,\"name\":\"Home\",\"item\":\"https:\\\/\\\/www.verreriebiot.com\\\/en\\\/\"},{\"@type\":\"ListItem\",\"position\":2,\"name\":\"E-shop\",\"item\":\"https:\\\/\\\/www.verreriebiot.com\\\/en\\\/e-shop\\\/\"},{\"@type\":\"ListItem\",\"position\":3,\"name\":\"The Glass\",\"item\":\"https:\\\/\\\/www.verreriebiot.com\\\/en\\\/product-category\\\/the-glass\\\/\"},{\"@type\":\"ListItem\",\"position\":4,\"name\":\"La Ligne Lumin'Escence\",\"item\":\"https:\\\/\\\/www.verreriebiot.com\\\/product-category\\\/verre-2\\\/ligne-luminescence\\\/\"},{\"@type\":\"ListItem\",\"position\":5,\"name\":\"Christmas Ball\"}]},{\"@type\":\"WebSite\",\"@id\":\"https:\\\/\\\/www.verreriebiot.com\\\/#website\",\"url\":\"https:\\\/\\\/www.verreriebiot.com\\\/\",\"name\":\"La Verrerie de Biot\",\"description\":\"Un site utilisant WordPress\",\"potentialAction\":[{\"@type\":\"SearchAction\",\"target\":{\"@type\":\"EntryPoint\",\"urlTemplate\":\"https:\\\/\\\/www.verreriebiot.com\\\/?s={search_term_string}\"},\"query-input\":{\"@type\":\"PropertyValueSpecification\",\"valueRequired\":true,\"valueName\":\"search_term_string\"}}],\"inLanguage\":\"en-US\"}]}<\/script>\n<!-- \/ Yoast SEO plugin. -->","yoast_head_json":{"title":"Christmas Ball - La Verrerie de Biot","robots":{"index":"index","follow":"follow","max-snippet":"max-snippet:-1","max-image-preview":"max-image-preview:large","max-video-preview":"max-video-preview:-1"},"canonical":"https:\/\/www.verreriebiot.com\/en\/product\/boule-de-noel\/","og_locale":"en_US","og_type":"article","og_title":"Christmas Ball - La Verrerie de Biot","og_description":"Christmas Ball of 9 cm available in Yellow. This product is handmade and mouth blown.","og_url":"https:\/\/www.verreriebiot.com\/en\/product\/boule-de-noel\/","og_site_name":"La Verrerie de Biot","article_modified_time":"2026-02-04T12:34:40+00:00","og_image":[{"width":400,"height":491,"url":"https:\/\/www.verreriebiot.com\/wp-content\/uploads\/2020\/06\/IMG_2045-1.jpg","type":"image\/jpeg"}],"twitter_card":"summary_large_image","schema":{"@context":"https:\/\/schema.org","@graph":[{"@type":"WebPage","@id":"https:\/\/www.verreriebiot.com\/en\/product\/boule-de-noel\/","url":"https:\/\/www.verreriebiot.com\/en\/product\/boule-de-noel\/","name":"Christmas Ball - La Verrerie de Biot","isPartOf":{"@id":"https:\/\/www.verreriebiot.com\/#website"},"primaryImageOfPage":{"@id":"https:\/\/www.verreriebiot.com\/en\/product\/boule-de-noel\/#primaryimage"},"image":{"@id":"https:\/\/www.verreriebiot.com\/en\/product\/boule-de-noel\/#primaryimage"},"thumbnailUrl":"https:\/\/www.verreriebiot.com\/wp-content\/uploads\/2020\/06\/IMG_2045-1.jpg","datePublished":"2020-06-29T15:44:49+00:00","dateModified":"2026-02-04T12:34:40+00:00","breadcrumb":{"@id":"https:\/\/www.verreriebiot.com\/en\/product\/boule-de-noel\/#breadcrumb"},"inLanguage":"en-US","potentialAction":[{"@type":"ReadAction","target":["https:\/\/www.verreriebiot.com\/en\/product\/boule-de-noel\/"]}]},{"@type":"ImageObject","inLanguage":"en-US","@id":"https:\/\/www.verreriebiot.com\/en\/product\/boule-de-noel\/#primaryimage","url":"https:\/\/www.verreriebiot.com\/wp-content\/uploads\/2020\/06\/IMG_2045-1.jpg","contentUrl":"https:\/\/www.verreriebiot.com\/wp-content\/uploads\/2020\/06\/IMG_2045-1.jpg","width":400,"height":491},{"@type":"BreadcrumbList","@id":"https:\/\/www.verreriebiot.com\/en\/product\/boule-de-noel\/#breadcrumb","itemListElement":[{"@type":"ListItem","position":1,"name":"Home","item":"https:\/\/www.verreriebiot.com\/en\/"},{"@type":"ListItem","position":2,"name":"E-shop","item":"https:\/\/www.verreriebiot.com\/en\/e-shop\/"},{"@type":"ListItem","position":3,"name":"The Glass","item":"https:\/\/www.verreriebiot.com\/en\/product-category\/the-glass\/"},{"@type":"ListItem","position":4,"name":"La Ligne Lumin'Escence","item":"https:\/\/www.verreriebiot.com\/product-category\/verre-2\/ligne-luminescence\/"},{"@type":"ListItem","position":5,"name":"Christmas Ball"}]},{"@type":"WebSite","@id":"https:\/\/www.verreriebiot.com\/#website","url":"https:\/\/www.verreriebiot.com\/","name":"La Verrerie de Biot","description":"Un site utilisant WordPress","potentialAction":[{"@type":"SearchAction","target":{"@type":"EntryPoint","urlTemplate":"https:\/\/www.verreriebiot.com\/?s={search_term_string}"},"query-input":{"@type":"PropertyValueSpecification","valueRequired":true,"valueName":"search_term_string"}}],"inLanguage":"en-US"}]}},"_links":{"self":[{"href":"https:\/\/www.verreriebiot.com\/en\/wp-json\/wp\/v2\/product\/11594","targetHints":{"allow":["GET"]}}],"collection":[{"href":"https:\/\/www.verreriebiot.com\/en\/wp-json\/wp\/v2\/product"}],"about":[{"href":"https:\/\/www.verreriebiot.com\/en\/wp-json\/wp\/v2\/types\/product"}],"wp:featuredmedia":[{"embeddable":true,"href":"https:\/\/www.verreriebiot.com\/en\/wp-json\/wp\/v2\/media\/19740"}],"wp:attachment":[{"href":"https:\/\/www.verreriebiot.com\/en\/wp-json\/wp\/v2\/media?parent=11594"}],"wp:term":[{"taxonomy":"product_brand","embeddable":true,"href":"https:\/\/www.verreriebiot.com\/en\/wp-json\/wp\/v2\/product_brand?post=11594"},{"taxonomy":"product_cat","embeddable":true,"href":"https:\/\/www.verreriebiot.com\/en\/wp-json\/wp\/v2\/product_cat?post=11594"},{"taxonomy":"product_tag","embeddable":true,"href":"https:\/\/www.verreriebiot.com\/en\/wp-json\/wp\/v2\/product_tag?post=11594"}],"curies":[{"name":"wp","href":"https:\/\/api.w.org\/{rel}","templated":true}]}}